{"id":90,"date":"2026-01-25T11:24:10","date_gmt":"2026-01-25T11:24:10","guid":{"rendered":"https:\/\/ismaelsia.com\/?page_id=90"},"modified":"2026-01-25T15:55:58","modified_gmt":"2026-01-25T15:55:58","slug":"about","status":"publish","type":"page","link":"https:\/\/ismaelsia.com\/","title":{"rendered":"Ma vision"},"content":{"rendered":"<div class=\"et_pb_section_0 et_pb_section et_section_regular et_block_section\">\n<div class=\"et_pb_row_0 et_pb_row et_block_row\">\n<div class=\"et_pb_column_0 et_pb_column et_pb_column_4_4 et-last-child et_block_column et_pb_css_mix_blend_mode_passthrough\">\n<div class=\"et_pb_slider_0 et_pb_slider et_pb_slider_fullwidth_off et_pb_slider_no_arrows et_pb_slider_no_pagination et_pb_module et_block_module preset--module--divi-slider--default\"><div class=\"et_pb_slides\">\n<div class=\"et_pb_slide_0 et_pb_slide et_pb_media_alignment_center et_pb_bg_layout_dark et_pb_text_align_left et_pb_module et_block_module\" data-slide-id=\"divi\/slide-0\"><div class=\"et_pb_container\"><div class=\"et_pb_slider_container_inner\"><div class=\"et_pb_slide_description\"><h1 class=\"et_pb_slide_title\">Des images sinc\u00e8res, guid\u00e9es par l\u2019\u00e9motion.<\/h1><div class=\"et_pb_slide_content\"><p>Mariages, instants de vie et r\u00e9cits visuels<br data-start=\"1017\" data-end=\"1020\" \/>entre \u00e9motion, lumi\u00e8re et authenticit\u00e9.<\/p>\n<\/div><div class=\"et_pb_button_wrapper\"><a class=\"et_pb_button et_pb_more_button\" href=\"\">Mon Travail<\/a><\/div><\/div><\/div><\/div><\/div>\n\n<div class=\"et_pb_slide_1 et_pb_slide et_pb_media_alignment_center et_pb_bg_layout_dark et_pb_module et_block_module\" data-slide-id=\"divi\/slide-1\"><div class=\"et_pb_container\"><div class=\"et_pb_slider_container_inner\"><div class=\"et_pb_slide_description\"><h1 class=\"et_pb_slide_title\">Des images sinc\u00e8res, guid\u00e9es par l\u2019\u00e9motion.<\/h1><div class=\"et_pb_slide_content\"><p>Mariages, instants de vie et r\u00e9cits visuels<br data-start=\"1017\" data-end=\"1020\" \/>entre \u00e9motion, lumi\u00e8re et authenticit\u00e9.<\/p>\n<\/div><div class=\"et_pb_button_wrapper\"><a class=\"et_pb_button et_pb_more_button\" href=\"\">Mon Travail <\/a><\/div><\/div><\/div><\/div><\/div>\n\n<div class=\"et_pb_slide_2 et_pb_slide et_pb_media_alignment_center et_pb_bg_layout_dark et_pb_module et_block_module\" data-slide-id=\"divi\/slide-2\"><div class=\"et_pb_container\"><div class=\"et_pb_slider_container_inner\"><div class=\"et_pb_slide_description\"><h1 class=\"et_pb_slide_title\">Des images sinc\u00e8res, guid\u00e9es par l\u2019\u00e9motion.<\/h1><div class=\"et_pb_slide_content\"><p>Mariages, instants de vie et r\u00e9cits visuels<br data-start=\"1017\" data-end=\"1020\" \/>entre \u00e9motion, lumi\u00e8re et authenticit\u00e9.<\/p>\n<\/div><div class=\"et_pb_button_wrapper\"><a class=\"et_pb_button et_pb_more_button\" href=\"\">Mon Travail<\/a><\/div><\/div><\/div><\/div><\/div>\n<\/div><\/div>\n<\/div>\n<\/div>\n<\/div>\n\n<div class=\"et_pb_section_1 et_pb_section et_section_regular et_block_section\">\n<div class=\"et_pb_row_1 et_pb_row et_block_row preset--module--divi-row--6d77fbf8-892d-48e2-9f6f-2fda1cf82836\">\n<div class=\"et_pb_column_1 et_pb_column et_pb_column_1_3 et_block_column et_pb_css_mix_blend_mode_passthrough\">\n<div class=\"et_pb_image_0 et_pb_image et_pb_module et_block_module\"><span class=\"et_pb_image_wrap\"><img loading=\"lazy\" decoding=\"async\" src=\"http:\/\/ismaelsia.com\/wp-content\/uploads\/2026\/01\/portrait-square-06.jpg\" width=\"400\" height=\"400\" srcset=\"https:\/\/ismaelsia.com\/wp-content\/uploads\/2026\/01\/portrait-square-06.jpg 400w, https:\/\/ismaelsia.com\/wp-content\/uploads\/2026\/01\/portrait-square-06-150x150.jpg 150w, https:\/\/ismaelsia.com\/wp-content\/uploads\/2026\/01\/portrait-square-06-300x300.jpg 300w\" sizes=\"(max-width: 400px) 100vw, 400px\" class=\"wp-image-99\" title=\"portrait-square-06\" \/><\/span><\/div>\n\n<div class=\"et_pb_text_0 et_pb_text et_pb_bg_layout_light et_pb_module et_block_module preset--module--divi-text--9b0ecab9-c29c-4b25-806b-3cbae7127b74\"><\/div>\n<\/div>\n\n<div class=\"et_pb_column_2 et_pb_column et_pb_column_2_3 et-last-child et_block_column et_pb_css_mix_blend_mode_passthrough\">\n<div class=\"et_pb_heading_0 et_pb_heading et_pb_module et_block_module preset--module--divi-heading--e0129898-17a3-4622-9d7f-9011fbb848a3\"><div class=\"et_pb_heading_container\"><h2 class=\"et_pb_module_header\">Ismael Sia<\/h2><\/div><\/div>\n\n<div class=\"et_pb_text_1 et_pb_text et_pb_bg_layout_light et_pb_module et_block_module preset--module--divi-text--9b0ecab9-c29c-4b25-806b-3cbae7127b74\"><div class=\"et_pb_text_inner\"><p>&nbsp;<\/p>\n<p data-start=\"232\" data-end=\"574\">J\u2019ai eu la chance de voyager \u00e0 travers de nombreux pays.<br data-start=\"288\" data-end=\"291\" \/>C\u2019est au fil de ces d\u00e9couvertes, des rencontres et des instants v\u00e9cus que ma passion pour l\u2019image s\u2019est impos\u00e9e naturellement.<br data-start=\"417\" data-end=\"420\" \/>Le d\u00e9sir de pr\u00e9server ces moments uniques, de leur donner une forme durable capable de faire rena\u00eetre une \u00e9motion ou un souvenir, est devenu une \u00e9vidence.<\/p>\n<p data-start=\"576\" data-end=\"764\">En 2019, j\u2019ai choisi de faire de cette passion mon m\u00e9tier.<br data-start=\"634\" data-end=\"637\" \/>Depuis, j\u2019accompagne celles et ceux qui souhaitent garder une trace sinc\u00e8re et intemporelle de ce qui compte vraiment pour eux.<\/p>\n<p data-start=\"576\" data-end=\"764\">Le mariage occupe une place particuli\u00e8re dans mon travail, car il repr\u00e9sente pour beaucoup l\u2019un des plus beaux chapitres d\u2019une vie.<br data-start=\"947\" data-end=\"950\" \/>Mais mon approche d\u00e9passe l\u2019\u00e9v\u00e9nement lui-m\u00eame : ce qui m\u2019anime avant tout, c\u2019est l\u2019humain et ce qu\u2019il exprime.<\/p>\n<p data-start=\"1063\" data-end=\"1373\">J\u2019accompagne \u00e9galement des entreprises et des cr\u00e9ateurs dans la construction de leur image, \u00e0 travers des contenus visuels pens\u00e9s pour r\u00e9v\u00e9ler leur identit\u00e9 avec authenticit\u00e9.<br data-start=\"1238\" data-end=\"1241\" \/>Photographie ou vid\u00e9o, mon travail s\u2019inscrit toujours dans une m\u00eame d\u00e9marche : raconter des histoires vraies, sensibles et durables.<\/p>\n<\/div><\/div>\n\n<div class=\"et_pb_module et_pb_button_module_wrapper et_pb_button_0_wrapper preset--module--divi-button--d7d3f2eb-2923-48eb-9c37-7bb40d8cc83d_wrapper\"><a class=\"et_pb_button_0 et_pb_button et_pb_bg_layout_light et_pb_module et_block_module preset--module--divi-button--d7d3f2eb-2923-48eb-9c37-7bb40d8cc83d\" href=\"\">Get In Touch<\/a><\/div>\n<\/div>\n<\/div>\n<\/div>","protected":false},"excerpt":{"rendered":"","protected":false},"author":1,"featured_media":0,"parent":0,"menu_order":0,"comment_status":"closed","ping_status":"closed","template":"","meta":{"footnotes":""},"class_list":["post-90","page","type-page","status-publish","hentry"],"_links":{"self":[{"href":"https:\/\/ismaelsia.com\/index.php\/wp-json\/wp\/v2\/pages\/90","targetHints":{"allow":["GET"]}}],"collection":[{"href":"https:\/\/ismaelsia.com\/index.php\/wp-json\/wp\/v2\/pages"}],"about":[{"href":"https:\/\/ismaelsia.com\/index.php\/wp-json\/wp\/v2\/types\/page"}],"author":[{"embeddable":true,"href":"https:\/\/ismaelsia.com\/index.php\/wp-json\/wp\/v2\/users\/1"}],"replies":[{"embeddable":true,"href":"https:\/\/ismaelsia.com\/index.php\/wp-json\/wp\/v2\/comments?post=90"}],"version-history":[{"count":6,"href":"https:\/\/ismaelsia.com\/index.php\/wp-json\/wp\/v2\/pages\/90\/revisions"}],"predecessor-version":[{"id":158,"href":"https:\/\/ismaelsia.com\/index.php\/wp-json\/wp\/v2\/pages\/90\/revisions\/158"}],"wp:attachment":[{"href":"https:\/\/ismaelsia.com\/index.php\/wp-json\/wp\/v2\/media?parent=90"}],"curies":[{"name":"wp","href":"https:\/\/api.w.org\/{rel}","templated":true}]}}